{"id":10693,"date":"2025-11-25T11:22:19","date_gmt":"2025-11-25T11:22:19","guid":{"rendered":"https:\/\/simbashearttravel.com\/?page_id=10693"},"modified":"2025-12-15T18:45:55","modified_gmt":"2025-12-15T18:45:55","slug":"quienes-somos-2","status":"publish","type":"page","link":"https:\/\/simbashearttravel.com\/en\/quienes-somos-2","title":{"rendered":"Who we are"},"content":{"rendered":"<p>[et_pb_section fb_built=\u00bb1&#8243; _builder_version=\u00bb4.27.4&#8243; _module_preset=\u00bbdefault\u00bb background_image=\u00bbhttps:\/\/simbashearttravel.com\/wp-content\/uploads\/2025\/11\/Quienes-somos.jpeg\u00bb global_colors_info=\u00bb{}\u00bb][et_pb_row _builder_version=\u00bb4.27.4&#8243; _module_preset=\u00bbdefault\u00bb global_colors_info=\u00bb{}\u00bb][et_pb_column type=\u00bb4_4&#8243; _builder_version=\u00bb4.27.4&#8243; _module_preset=\u00bbdefault\u00bb global_colors_info=\u00bb{}\u00bb][et_pb_text _builder_version=\u00bb4.27.4&#8243; _module_preset=\u00bbdefault\u00bb header_text_color=\u00bb#FFFFFF\u00bb header_font_size=\u00bb70px\u00bb custom_padding=\u00bb28%||28%||true|false\u00bb header_font_size_tablet=\u00bb60px\u00bb header_font_size_phone=\u00bb50px\u00bb header_font_size_last_edited=\u00bbon|tablet\u00bb global_colors_info=\u00bb{}\u00bb]<\/p>\n<h1 style=\"text-align: center;\">QUIENES SOMOS<\/h1>\n<p>[\/et_pb_text][\/et_pb_column][\/et_pb_row][\/et_pb_section][et_pb_section fb_built=\u00bb1&#8243; _builder_version=\u00bb4.27.4&#8243; _module_preset=\u00bbdefault\u00bb background_color=\u00bb#000000&#8243; custom_padding=\u00bb||0px||false|false\u00bb global_colors_info=\u00bb{}\u00bb][et_pb_row _builder_version=\u00bb4.27.4&#8243; _module_preset=\u00bbdefault\u00bb global_colors_info=\u00bb{}\u00bb][et_pb_column type=\u00bb4_4&#8243; _builder_version=\u00bb4.27.4&#8243; _module_preset=\u00bbdefault\u00bb global_colors_info=\u00bb{}\u00bb][et_pb_text _builder_version=\u00bb4.27.4&#8243; _module_preset=\u00bbdefault\u00bb text_text_color=\u00bb#FFFFFF\u00bb text_font_size=\u00bb20px\u00bb text_line_height=\u00bb2em\u00bb text_font_size_tablet=\u00bb18px\u00bb text_font_size_phone=\u00bb16px\u00bb text_font_size_last_edited=\u00bbon|phone\u00bb global_colors_info=\u00bb{}\u00bb]<\/p>\n<div style=\"text-align: left;\">Simba\u2019s Heart Travel naci\u00f3 tras un viaje que marc\u00f3 a nuestro fundador, Agust\u00edn Gallego, en Tanzania en 2022. De aquella experiencia surgi\u00f3 el deseo de crear expediciones y voluntariados que permitieran a otros viajeros conectar de verdad con la esencia de cada destino.<\/div>\n<div style=\"text-align: left;\"><\/div>\n<div style=\"text-align: left;\">Desde entonces hemos ampliado horizontes m\u00e1s all\u00e1 de Tanzania, incorporando pa\u00edses como Kenia, Santo Tom\u00e9 y Pr\u00edncipe o Nepal, siempre con la intenci\u00f3n de ayudar a cada persona a encontrar su lugar ideal en el mundo.<\/div>\n<div style=\"text-align: left;\"><\/div>\n<div style=\"text-align: left;\">Cuidamos cada detalle \u2014antes, durante y despu\u00e9s del viaje\u2014 porque sabemos que cada experiencia es \u00fanica. Por eso exploramos personalmente cada destino, conectando con su esencia y con las comunidades locales, para ofrecer viajes aut\u00e9nticos, seguros y profundamente humanos.<\/div>\n<p>[\/et_pb_text][\/et_pb_column][\/et_pb_row][\/et_pb_section][et_pb_section fb_built=\u00bb1&#8243; _builder_version=\u00bb4.27.4&#8243; _module_preset=\u00bbdefault\u00bb background_color=\u00bb#000000&#8243; custom_padding=\u00bb0px||24px||false|false\u00bb global_colors_info=\u00bb{}\u00bb][et_pb_row column_structure=\u00bb2_5,3_5&#8243; _builder_version=\u00bb4.27.4&#8243; _module_preset=\u00bbdefault\u00bb width_tablet=\u00bb95%\u00bb width_phone=\u00bb100%\u00bb width_last_edited=\u00bbon|phone\u00bb custom_margin=\u00bb|||30%|false|false\u00bb custom_margin_tablet=\u00bb|||5%|false|false\u00bb custom_margin_phone=\u00bb|||5%|false|false\u00bb custom_margin_last_edited=\u00bbon|tablet\u00bb global_colors_info=\u00bb{}\u00bb][et_pb_column type=\u00bb2_5&#8243; _builder_version=\u00bb4.27.4&#8243; _module_preset=\u00bbdefault\u00bb global_colors_info=\u00bb{}\u00bb][et_pb_image src=\u00bbhttps:\/\/simbashearttravel.com\/wp-content\/uploads\/2024\/05\/IMG_20220809_125844-scaled.jpg\u00bb alt=\u00bbvoluntariado zanzibar\u00bb title_text=\u00bbvoluntariado zanzibar\u00bb _builder_version=\u00bb4.27.4&#8243; _module_preset=\u00bbdefault\u00bb width=\u00bb91%\u00bb width_tablet=\u00bb60%\u00bb width_phone=\u00bb75%\u00bb width_last_edited=\u00bbon|phone\u00bb global_colors_info=\u00bb{}\u00bb][\/et_pb_image][\/et_pb_column][et_pb_column type=\u00bb3_5&#8243; _builder_version=\u00bb4.27.4&#8243; _module_preset=\u00bbdefault\u00bb global_colors_info=\u00bb{}\u00bb][et_pb_text _builder_version=\u00bb4.27.4&#8243; _module_preset=\u00bbdefault\u00bb text_text_color=\u00bb#000000&#8243; text_font_size=\u00bb18px\u00bb header_text_color=\u00bb#000000&#8243; header_3_text_color=\u00bb#000000&#8243; header_3_line_height=\u00bb2em\u00bb background_color=\u00bb#FFFFFF\u00bb width=\u00bb400px\u00bb width_tablet=\u00bb450px\u00bb width_phone=\u00bb330px\u00bb width_last_edited=\u00bbon|phone\u00bb custom_margin=\u00bb12.7%|||-21%|false|false\u00bb custom_margin_tablet=\u00bb-10%|10%||10%|false|true\u00bb custom_margin_phone=\u00bb-20%|8%||8%|false|true\u00bb custom_margin_last_edited=\u00bbon|desktop\u00bb custom_padding=\u00bb5%|9%|5%|9%|true|true\u00bb global_colors_info=\u00bb{}\u00bb]<\/p>\n<h3>Misi\u00f3n<\/h3>\n<p style=\"text-align: left;\"><span>Nuestra misi\u00f3n es ofrecer experiencias de viaje personalizadas que conecten a los viajeros con las culturas locales y la naturaleza de los destinos, especialmente en \u00c1frica y Asia. Desde nuestro nacimiento estamos enfocados en crear itinerarios \u00fanicos que van m\u00e1s all\u00e1 del turismo convencional, integrando elementos de voluntariado, aventura y sostenibilidad en sus ofertas.<\/span><\/p>\n<p>[\/et_pb_text][\/et_pb_column][\/et_pb_row][et_pb_row column_structure=\u00bb2_5,3_5&#8243; disabled_on=\u00bboff|off|on\u00bb _builder_version=\u00bb4.27.4&#8243; _module_preset=\u00bbdefault\u00bb width_tablet=\u00bb95%\u00bb width_phone=\u00bb100%\u00bb width_last_edited=\u00bbon|phone\u00bb custom_margin=\u00bb|||30%|false|false\u00bb custom_margin_tablet=\u00bb|||5%|false|false\u00bb custom_margin_phone=\u00bb|||5%|false|false\u00bb custom_margin_last_edited=\u00bbon|tablet\u00bb global_colors_info=\u00bb{}\u00bb][et_pb_column type=\u00bb2_5&#8243; _builder_version=\u00bb4.27.4&#8243; _module_preset=\u00bbdefault\u00bb global_colors_info=\u00bb{}\u00bb][et_pb_image src=\u00bbhttps:\/\/simbashearttravel.com\/wp-content\/uploads\/2024\/11\/WhatsApp-Image-2024-10-30-at-20.42.16.jpeg\u00bb alt=\u00bbvoluntariado zanzibar\u00bb title_text=\u00bbWhatsApp Image 2024-10-30 at 20.42.16&#8243; _builder_version=\u00bb4.27.4&#8243; _module_preset=\u00bbdefault\u00bb width=\u00bb91%\u00bb width_tablet=\u00bb60%\u00bb width_phone=\u00bb75%\u00bb width_last_edited=\u00bbon|phone\u00bb global_colors_info=\u00bb{}\u00bb][\/et_pb_image][\/et_pb_column][et_pb_column type=\u00bb3_5&#8243; _builder_version=\u00bb4.27.4&#8243; _module_preset=\u00bbdefault\u00bb global_colors_info=\u00bb{}\u00bb][et_pb_text _builder_version=\u00bb4.27.4&#8243; _module_preset=\u00bbdefault\u00bb text_text_color=\u00bb#000000&#8243; text_font_size=\u00bb18px\u00bb header_text_color=\u00bb#000000&#8243; header_3_text_color=\u00bb#000000&#8243; header_3_line_height=\u00bb2em\u00bb background_color=\u00bb#FFFFFF\u00bb width=\u00bb400px\u00bb width_tablet=\u00bb450px\u00bb width_phone=\u00bb330px\u00bb width_last_edited=\u00bbon|phone\u00bb custom_margin=\u00bb6%|||-21%|false|false\u00bb custom_margin_tablet=\u00bb-10%|10%||10%|false|true\u00bb custom_margin_phone=\u00bb-20%|8%||8%|false|true\u00bb custom_margin_last_edited=\u00bbon|desktop\u00bb custom_padding=\u00bb5%|9%|5%|9%|true|true\u00bb global_colors_info=\u00bb{}\u00bb]<\/p>\n<h3>Visi\u00f3n<\/h3>\n<p style=\"text-align: left;\"><span>En cuanto a nuestra visi\u00f3n, en Simba\u2019s Heart Travel queremos seguir ampliando horizontes y crear conexiones reales entre los viajeros y las comunidades que los reciben. Apostamos por un turismo responsable, que cuide el entorno natural y contribuya de manera positiva al bienestar de las personas locales. Nuestro objetivo es convertirnos en una referencia en experiencias de viaje que no solo generen disfrute y recuerdos inolvidables, sino que tambi\u00e9n dejen una huella positiva y duradera en cada destino que visitamos.<\/span><\/p>\n<p>[\/et_pb_text][\/et_pb_column][\/et_pb_row][et_pb_row column_structure=\u00bb3_5,2_5&#8243; disabled_on=\u00bbon|on|off\u00bb module_class=\u00bbmi-fila-superponer\u00bb _builder_version=\u00bb4.27.4&#8243; _module_preset=\u00bbdefault\u00bb width_tablet=\u00bb95%\u00bb width_phone=\u00bb100%\u00bb width_last_edited=\u00bbon|phone\u00bb custom_margin=\u00bb|20%|||false|false\u00bb custom_margin_tablet=\u00bb|||5%|false|false\u00bb custom_margin_phone=\u00bb|||5%|false|false\u00bb custom_margin_last_edited=\u00bbon|tablet\u00bb global_colors_info=\u00bb{}\u00bb][et_pb_column type=\u00bb3_5&#8243; module_class=\u00bbmi-columna-texto\u00bb _builder_version=\u00bb4.27.4&#8243; _module_preset=\u00bbdefault\u00bb global_colors_info=\u00bb{}\u00bb][et_pb_text module_class=\u00bbmi-texto-superpuesto\u00bb _builder_version=\u00bb4.27.4&#8243; _module_preset=\u00bbdefault\u00bb text_text_color=\u00bb#000000&#8243; text_font_size=\u00bb18px\u00bb header_text_color=\u00bb#000000&#8243; header_3_text_color=\u00bb#000000&#8243; header_3_line_height=\u00bb2em\u00bb background_color=\u00bb#FFFFFF\u00bb width=\u00bb400px\u00bb width_tablet=\u00bb450px\u00bb width_phone=\u00bb340px\u00bb width_last_edited=\u00bbon|tablet\u00bb custom_margin=\u00bb10%|||35%|false|false\u00bb custom_margin_tablet=\u00bb-10%|10%||10%|false|true\u00bb custom_margin_phone=\u00bb-20%|8%||8%|false|true\u00bb custom_margin_last_edited=\u00bbon|tablet\u00bb custom_padding=\u00bb5%|9%|5%|9%|true|true\u00bb global_colors_info=\u00bb{}\u00bb]<\/p>\n<h3>Visi\u00f3n<\/h3>\n<p style=\"text-align: left;\"><span>En cuanto a nuestra visi\u00f3n, en Simba\u2019s Heart Travel queremos seguir ampliando horizontes y crear conexiones reales entre los viajeros y las comunidades que los reciben. Apostamos por un turismo responsable, que cuide el entorno natural y contribuya de manera positiva al bienestar de las personas locales. Nuestro objetivo es convertirnos en una referencia en experiencias de viaje que no solo generen disfrute y recuerdos inolvidables, sino que tambi\u00e9n dejen una huella positiva y duradera en cada destino que visitamos.<\/span><\/p>\n<p>[\/et_pb_text][\/et_pb_column][et_pb_column type=\u00bb2_5&#8243; module_class=\u00bbmi-columna-imagen\u00bb _builder_version=\u00bb4.27.4&#8243; _module_preset=\u00bbdefault\u00bb global_colors_info=\u00bb{}\u00bb][et_pb_image src=\u00bbhttps:\/\/simbashearttravel.com\/wp-content\/uploads\/2024\/11\/WhatsApp-Image-2024-10-30-at-20.42.16.jpeg\u00bb alt=\u00bbvoluntariado zanzibar\u00bb title_text=\u00bbWhatsApp Image 2024-10-30 at 20.42.16&#8243; module_class=\u00bbmi-imagen-bajo\u00bb _builder_version=\u00bb4.27.4&#8243; _module_preset=\u00bbdefault\u00bb z_index=\u00bb0&#8243; width=\u00bb91%\u00bb width_tablet=\u00bb60%\u00bb width_phone=\u00bb75%\u00bb width_last_edited=\u00bbon|phone\u00bb global_colors_info=\u00bb{}\u00bb][\/et_pb_image][\/et_pb_column][\/et_pb_row][et_pb_row column_structure=\u00bb1_2,1_2&#8243; use_custom_gutter=\u00bbon\u00bb gutter_width=\u00bb1&#8243; _builder_version=\u00bb4.27.5&#8243; _module_preset=\u00bbdefault\u00bb background_color=\u00bb#d6d6d6&#8243; width=\u00bb100%\u00bb max_width=\u00bb98%\u00bb custom_margin=\u00bb7%|auto||auto|false|false\u00bb custom_margin_tablet=\u00bb6%|auto||auto|false|false\u00bb custom_margin_phone=\u00bb6%|auto||auto|false|false\u00bb custom_margin_last_edited=\u00bbon|tablet\u00bb border_radii=\u00bbon|10px|10px|10px|10px\u00bb global_colors_info=\u00bb{}\u00bb][et_pb_column type=\u00bb1_2&#8243; _builder_version=\u00bb4.27.4&#8243; _module_preset=\u00bbdefault\u00bb global_colors_info=\u00bb{}\u00bb][et_pb_text _builder_version=\u00bb4.27.4&#8243; _module_preset=\u00bbdefault\u00bb text_font=\u00bb|800|||||||\u00bb text_text_color=\u00bb#000000&#8243; header_font=\u00bb|800|||||||\u00bb header_2_font=\u00bbunicode-futurabb|800|||||||\u00bb header_2_text_color=\u00bb#e85102&#8243; header_2_font_size=\u00bb70px\u00bb background_color=\u00bb#d6d6d6&#8243; custom_margin=\u00bb||0px||false|false\u00bb custom_margin_tablet=\u00bb1.5%||||false|false\u00bb custom_margin_phone=\u00bb1.5%||||false|false\u00bb custom_margin_last_edited=\u00bbon|phone\u00bb custom_padding=\u00bb5%||3%|5%|false|false\u00bb custom_padding_tablet=\u00bb5%||3%|5%|false|false\u00bb custom_padding_phone=\u00bb5%||3%|5%|false|false\u00bb custom_padding_last_edited=\u00bbon|tablet\u00bb header_font_size_tablet=\u00bb\u00bb header_font_size_phone=\u00bb\u00bb header_font_size_last_edited=\u00bbon|desktop\u00bb header_2_font_size_tablet=\u00bb70px\u00bb header_2_font_size_phone=\u00bb45px\u00bb header_2_font_size_last_edited=\u00bbon|phone\u00bb border_radii=\u00bboff|10px|||\u00bb global_colors_info=\u00bb{}\u00bb]<\/p>\n<h2>Contacta con nosotros<\/h2>\n<p>[\/et_pb_text][et_pb_text _builder_version=\u00bb4.27.4&#8243; _module_preset=\u00bbdefault\u00bb text_font=\u00bbgeneralsans-light||||||||\u00bb text_text_color=\u00bb#000000&#8243; background_color=\u00bb#d6d6d6&#8243; custom_margin=\u00bb0px||0px||false|false\u00bb custom_padding=\u00bb|5%|3%|5%|false|true\u00bb global_colors_info=\u00bb{}\u00bb]<\/p>\n<p>\u00bfListo para vivir una experiencia transformadora?<\/p>\n<p>Escr\u00edbenos y el equipo de Simba&#8217;s Heart te ayudar\u00e1 a planear tu viaje con prop\u00f3sito.<\/p>\n<p>[\/et_pb_text][et_pb_contact_form email=\u00bbinfo@simbashearttravel.com\u00bb custom_message=\u00bbQUIENES SOMOS:||et_pb_line_break_holder||&#8212;&#8212;&#8212;&#8212;&#8212;&#8212;&#8212;&#8212;||et_pb_line_break_holder||Nuevo mensaje de nombre: %%name%% %%apellidos%%||et_pb_line_break_holder||Mi Correo: %%email%%||et_pb_line_break_holder||Mensaje: %%mensaje%%||et_pb_line_break_holder||Comunicaciones comerciales: %%comercial%%||et_pb_line_break_holder||||et_pb_line_break_holder||Enviado desde la web\u00bb _builder_version=\u00bb4.27.5&#8243; _module_preset=\u00bbdefault\u00bb _unique_id=\u00bbe7dc516e-c52f-4c37-8dfb-8faae9a0ad5f\u00bb form_field_font=\u00bbgeneralsans-light||||||||\u00bb form_field_text_align=\u00bbleft\u00bb background_color=\u00bb#d6d6d6&#8243; custom_button=\u00bbon\u00bb button_text_size=\u00bb18px\u00bb button_text_color=\u00bb#FFFFFF\u00bb button_bg_color=\u00bb#e85102&#8243; button_border_width=\u00bb0px\u00bb button_border_radius=\u00bb25px\u00bb button_icon=\u00bb&#xe03e;||divi||400&#8243; button_on_hover=\u00bboff\u00bb button_custom_margin=\u00bb||||false|false\u00bb button_custom_padding=\u00bb2.5%|60px|2.5%|60px|true|true\u00bb custom_margin=\u00bb||0px||false|false\u00bb custom_padding=\u00bb|5%|7px|5%|false|true\u00bb hover_enabled=\u00bb0&#8243; form_field_text_align_last_edited=\u00bboff|desktop\u00bb border_radii=\u00bbon|25px|25px|25px|25px\u00bb global_colors_info=\u00bb{}\u00bb sticky_enabled=\u00bb0&#8243;][et_pb_contact_field field_id=\u00bbName\u00bb field_title=\u00bbNombre\u00bb _builder_version=\u00bb4.16&#8243; global_colors_info=\u00bb{}\u00bb button_text_size__hover_enabled=\u00bboff\u00bb button_one_text_size__hover_enabled=\u00bboff\u00bb button_two_text_size__hover_enabled=\u00bboff\u00bb button_text_color__hover_enabled=\u00bboff\u00bb button_one_text_color__hover_enabled=\u00bboff\u00bb button_two_text_color__hover_enabled=\u00bboff\u00bb button_border_width__hover_enabled=\u00bboff\u00bb button_one_border_width__hover_enabled=\u00bboff\u00bb button_two_border_width__hover_enabled=\u00bboff\u00bb button_border_color__hover_enabled=\u00bboff\u00bb button_one_border_color__hover_enabled=\u00bboff\u00bb button_two_border_color__hover_enabled=\u00bboff\u00bb button_border_radius__hover_enabled=\u00bboff\u00bb button_one_border_radius__hover_enabled=\u00bboff\u00bb button_two_border_radius__hover_enabled=\u00bboff\u00bb button_letter_spacing__hover_enabled=\u00bboff\u00bb button_one_letter_spacing__hover_enabled=\u00bboff\u00bb button_two_letter_spacing__hover_enabled=\u00bboff\u00bb button_bg_color__hover_enabled=\u00bboff\u00bb button_one_bg_color__hover_enabled=\u00bboff\u00bb button_two_bg_color__hover_enabled=\u00bboff\u00bb][\/et_pb_contact_field][et_pb_contact_field field_id=\u00bbApellidos\u00bb field_title=\u00bbApellidos\u00bb _builder_version=\u00bb4.27.4&#8243; global_colors_info=\u00bb{}\u00bb button_text_size__hover_enabled=\u00bboff\u00bb button_one_text_size__hover_enabled=\u00bboff\u00bb button_two_text_size__hover_enabled=\u00bboff\u00bb button_text_color__hover_enabled=\u00bboff\u00bb button_one_text_color__hover_enabled=\u00bboff\u00bb button_two_text_color__hover_enabled=\u00bboff\u00bb button_border_width__hover_enabled=\u00bboff\u00bb button_one_border_width__hover_enabled=\u00bboff\u00bb button_two_border_width__hover_enabled=\u00bboff\u00bb button_border_color__hover_enabled=\u00bboff\u00bb button_one_border_color__hover_enabled=\u00bboff\u00bb button_two_border_color__hover_enabled=\u00bboff\u00bb button_border_radius__hover_enabled=\u00bboff\u00bb button_one_border_radius__hover_enabled=\u00bboff\u00bb button_two_border_radius__hover_enabled=\u00bboff\u00bb button_letter_spacing__hover_enabled=\u00bboff\u00bb button_one_letter_spacing__hover_enabled=\u00bboff\u00bb button_two_letter_spacing__hover_enabled=\u00bboff\u00bb button_bg_color__hover_enabled=\u00bboff\u00bb button_one_bg_color__hover_enabled=\u00bboff\u00bb button_two_bg_color__hover_enabled=\u00bboff\u00bb][\/et_pb_contact_field][et_pb_contact_field field_id=\u00bbEmail\u00bb field_title=\u00bbDirecci\u00f3n de correo electr\u00f3nico\u00bb field_type=\u00bbemail\u00bb _builder_version=\u00bb4.27.4&#8243; global_colors_info=\u00bb{}\u00bb button_text_size__hover_enabled=\u00bboff\u00bb button_one_text_size__hover_enabled=\u00bboff\u00bb button_two_text_size__hover_enabled=\u00bboff\u00bb button_text_color__hover_enabled=\u00bboff\u00bb button_one_text_color__hover_enabled=\u00bboff\u00bb button_two_text_color__hover_enabled=\u00bboff\u00bb button_border_width__hover_enabled=\u00bboff\u00bb button_one_border_width__hover_enabled=\u00bboff\u00bb button_two_border_width__hover_enabled=\u00bboff\u00bb button_border_color__hover_enabled=\u00bboff\u00bb button_one_border_color__hover_enabled=\u00bboff\u00bb button_two_border_color__hover_enabled=\u00bboff\u00bb button_border_radius__hover_enabled=\u00bboff\u00bb button_one_border_radius__hover_enabled=\u00bboff\u00bb button_two_border_radius__hover_enabled=\u00bboff\u00bb button_letter_spacing__hover_enabled=\u00bboff\u00bb button_one_letter_spacing__hover_enabled=\u00bboff\u00bb button_two_letter_spacing__hover_enabled=\u00bboff\u00bb button_bg_color__hover_enabled=\u00bboff\u00bb button_one_bg_color__hover_enabled=\u00bboff\u00bb button_two_bg_color__hover_enabled=\u00bboff\u00bb][\/et_pb_contact_field][et_pb_contact_field field_id=\u00bbTelefono\u00bb field_title=\u00bbTel\u00e9fono\u00bb min_length=\u00bb9&#8243; max_length=\u00bb12&#8243; required_mark=\u00bboff\u00bb _builder_version=\u00bb4.27.4&#8243; _module_preset=\u00bbdefault\u00bb global_colors_info=\u00bb{}\u00bb][\/et_pb_contact_field][et_pb_contact_field field_id=\u00bbMensaje\u00bb field_title=\u00bbTu mensaje\u00bb field_type=\u00bbtext\u00bb fullwidth_field=\u00bbon\u00bb _builder_version=\u00bb4.27.4&#8243; _module_preset=\u00bbdefault\u00bb global_colors_info=\u00bb{}\u00bb][\/et_pb_contact_field][et_pb_contact_field field_id=\u00bbcomercial\u00bb field_title=\u00bbComunicaciones  comerciales\u00bb field_type=\u00bbradio\u00bb radio_options=\u00bb%91{%22value%22:%22Quiero recibir informaci\u00f3n comercial%22,%22checked%22:0,%22dragID%22:-1}%93&#8243; required_mark=\u00bboff\u00bb fullwidth_field=\u00bbon\u00bb _builder_version=\u00bb4.27.4&#8243; _module_preset=\u00bbdefault\u00bb global_colors_info=\u00bb{}\u00bb][\/et_pb_contact_field][\/et_pb_contact_form][\/et_pb_column][et_pb_column type=\u00bb1_2&#8243; _builder_version=\u00bb4.27.4&#8243; _module_preset=\u00bbdefault\u00bb global_colors_info=\u00bb{}\u00bb][et_pb_text _builder_version=\u00bb4.27.4&#8243; _module_preset=\u00bbdefault\u00bb text_text_color=\u00bb#000000&#8243; header_3_text_color=\u00bb#000000&#8243; header_3_font_size=\u00bb35px\u00bb background_color=\u00bb#d6d6d6&#8243; custom_margin=\u00bb0px||0px||false|false\u00bb custom_padding=\u00bb4%||4%|5%|true|false\u00bb header_3_font_size_tablet=\u00bb30px\u00bb header_3_font_size_phone=\u00bb22px\u00bb header_3_font_size_last_edited=\u00bbon|phone\u00bb border_radii=\u00bboff||10px||\u00bb global_colors_info=\u00bb{}\u00bb]<\/p>\n<p>Tel\u00e9fono<\/p>\n<h3>+34 676 51 44 29<\/h3>\n<p>Correo<\/p>\n<h3>info@simbashearttravel.com<\/h3>\n<h3><\/h3>\n<p>[\/et_pb_text][et_pb_image src=\u00bbhttps:\/\/simbashearttravel.com\/wp-content\/uploads\/2025\/11\/Contactar.jpg\u00bb title_text=\u00bbContactar\u00bb _builder_version=\u00bb4.27.4&#8243; _module_preset=\u00bbdefault\u00bb background_color=\u00bb#d6d6d6&#8243; background_enable_image=\u00bboff\u00bb width=\u00bb100%\u00bb max_width=\u00bb98%\u00bb border_radii=\u00bbon|10px|10px|10px|10px\u00bb global_colors_info=\u00bb{}\u00bb][\/et_pb_image][\/et_pb_column][\/et_pb_row][\/et_pb_section]<\/p>\n","protected":false},"excerpt":{"rendered":"<p>QUIENES SOMOSSimba\u2019s Heart Travel naci\u00f3 tras un viaje que marc\u00f3 a nuestro fundador, Agust\u00edn Gallego, en Tanzania en 2022. De aquella experiencia surgi\u00f3 el deseo de crear expediciones y voluntariados que permitieran a otros viajeros conectar de verdad con la esencia de cada destino. Desde entonces hemos ampliado horizontes m\u00e1s all\u00e1 de Tanzania, incorporando pa\u00edses [&hellip;]<\/p>\n","protected":false},"author":3,"featured_media":0,"parent":0,"menu_order":0,"comment_status":"closed","ping_status":"closed","template":"","meta":{"_et_pb_use_builder":"on","_et_pb_old_content":"","_et_gb_content_width":"","footnotes":""},"class_list":["post-10693","page","type-page","status-publish","hentry"],"_links":{"self":[{"href":"https:\/\/simbashearttravel.com\/en\/wp-json\/wp\/v2\/pages\/10693","targetHints":{"allow":["GET"]}}],"collection":[{"href":"https:\/\/simbashearttravel.com\/en\/wp-json\/wp\/v2\/pages"}],"about":[{"href":"https:\/\/simbashearttravel.com\/en\/wp-json\/wp\/v2\/types\/page"}],"author":[{"embeddable":true,"href":"https:\/\/simbashearttravel.com\/en\/wp-json\/wp\/v2\/users\/3"}],"replies":[{"embeddable":true,"href":"https:\/\/simbashearttravel.com\/en\/wp-json\/wp\/v2\/comments?post=10693"}],"version-history":[{"count":38,"href":"https:\/\/simbashearttravel.com\/en\/wp-json\/wp\/v2\/pages\/10693\/revisions"}],"predecessor-version":[{"id":11256,"href":"https:\/\/simbashearttravel.com\/en\/wp-json\/wp\/v2\/pages\/10693\/revisions\/11256"}],"wp:attachment":[{"href":"https:\/\/simbashearttravel.com\/en\/wp-json\/wp\/v2\/media?parent=10693"}],"curies":[{"name":"wp","href":"https:\/\/api.w.org\/{rel}","templated":true}]}}