{"id":11850,"date":"2026-03-03T22:20:22","date_gmt":"2026-03-03T22:20:22","guid":{"rendered":"https:\/\/simbashearttravel.com\/?page_id=11850"},"modified":"2026-03-03T22:20:22","modified_gmt":"2026-03-03T22:20:22","slug":"accesibilidad","status":"publish","type":"page","link":"https:\/\/simbashearttravel.com\/en\/accesibilidad","title":{"rendered":"Accessibility"},"content":{"rendered":"<p>[et_pb_section fb_built=\u00bb1&#8243; theme_builder_area=\u00bbpost_content\u00bb _builder_version=\u00bb4.27.6&#8243; _module_preset=\u00bbdefault\u00bb][et_pb_row _builder_version=\u00bb4.27.6&#8243; _module_preset=\u00bbdefault\u00bb theme_builder_area=\u00bbpost_content\u00bb][et_pb_column _builder_version=\u00bb4.27.6&#8243; _module_preset=\u00bbdefault\u00bb type=\u00bb4_4&#8243; theme_builder_area=\u00bbpost_content\u00bb][et_pb_text _builder_version=\u00bb4.27.6&#8243; _module_preset=\u00bbdefault\u00bb theme_builder_area=\u00bbpost_content\u00bb hover_enabled=\u00bb0&#8243; sticky_enabled=\u00bb0&#8243;]<\/p>\n<div class=\"et_pb_module et_pb_text et_pb_text_0  et_pb_text_align_left et_pb_bg_layout_light\">\n<div class=\"et_pb_text_inner\">\n<h1>ACCESIBILIDAD<\/h1>\n<\/div>\n<\/div>\n<div class=\"et_pb_module et_pb_text et_pb_text_1  et_pb_text_align_left et_pb_bg_layout_light\">\n<div class=\"et_pb_text_inner\">\n<p>Simbas&#8217;s Heart Travel se compromete con la accesibilidad de este sitio web, de conformidad con el<span>\u00a0<\/span><a href=\"https:\/\/www.boe.es\/diario_boe\/txt.php?id=BOE-A-2018-12699\">Real Decreto 1112\/2018, de 7 de septiembre<\/a>, sobre accesibilidad de los sitios web y aplicaciones para dispositivos m\u00f3viles del sector p\u00fablico.<\/p>\n<h4>SITUACI\u00d3N DE CUMPLIMIENTO<\/h4>\n<p>Este sitio web es parcialmente conforme con el\u00a0RD 1112\/2018\u00a0debido a las excepciones y a la falta de conformidad de los aspectos que se indican en el siguiente punto.<\/p>\n<h4>CONTENIDO NO ACCESIBLE<\/h4>\n<p>El contenido que se recoge a continuaci\u00f3n podr\u00eda no ser accesible por lo siguiente:<br \/>Podr\u00edan existir algunos aspectos de comunicaci\u00f3n bidireccional por voz que no cumplan con los m\u00ednimos exigidos.<br \/>Podr\u00edan existir algunos aspectos de teclado y gestos con el puntero condicionales que no cumplan los m\u00ednimos exigidos.<br \/>Podr\u00edan existir algunos elementos no textuales no etiquetados correctamente.<br \/>Los buscadores buscan autom\u00e1ticamente sin necesidad de ordenar ninguna acci\u00f3n por parte del usuario.<br \/>Podr\u00edan existir algunos textos en otro idioma no etiquetados correctamente.<br \/>Podr\u00edan existir errores de c\u00f3digo puntuales de edici\u00f3n en alguna p\u00e1gina web.<br \/>Podr\u00edan existir archivos ofim\u00e1ticos en PDF u otros formatos publicados que no cumplan en su totalidad todos los requisitos de accesibilidad. Aunque se ha procurado que la mayor\u00eda de ellos s\u00ed lo cumplan.<\/p>\n<h4>PREPARACI\u00d3N DE LA SIGUIENTE DECLARACI\u00d3N DE ACCESIBILIDAD<\/h4>\n<p>La presente declaraci\u00f3n fue preparada el 27 de marzo de 2023. El m\u00e9todo empleado para preparar la declaraci\u00f3n ha sido una autoevaluaci\u00f3n llevada a cabo por el responsable del desarrollo web.<\/p>\n<h4>OBSERVACIONES Y DATOS DE CONTACTO<\/h4>\n<p>Puede realizar comunicaciones sobre requisitos de accesibilidad (articulo 10.2.a del RD 1112\/2018) como por ejemplo:<br \/>\u2022 Informar sobre cualquier posible incumplimiento por parte de este sitio web<br \/>\u2022 Transmitir otras dificultades de acceso al contenido<br \/>\u2022 Formular cualquier otra consulta o sugerencia de mejora relativa a la accesibilidad del sitio web\u00a0a trav\u00e9s del correo electr\u00f3nico: info@cidixital.es<\/p>\n<p>Puede presentar:<br \/>\u2022 Queja\u00a0relativa al cumplimiento de los requisitos del RD 1112\/2018 o<br \/>\u2022 Solicitud de Informaci\u00f3n accesible relativa a:<\/p>\n<ol>\n<li style=\"list-style-type: none;\">\n<ol>\n<li>Contenidos que est\u00e1n excluidos del \u00e1mbito de aplicaci\u00f3n del RD 1112\/2018 seg\u00fan lo establecido por el art\u00edculo 3, apartado 4<\/li>\n<li>Contenidos que est\u00e1n exentos del cumplimiento de los requisitos de accesibilidad por imponer una carga desproporcionada.<\/li>\n<\/ol>\n<\/li>\n<\/ol>\n<p>En la Solicitud de informaci\u00f3n accesible, se debe concretar, con toda claridad, los hechos, razones y petici\u00f3n que permitan constatar que se trata de una solicitud razonable y leg\u00edtima.<\/p>\n<h4>PROCEDIMIENTO DE APLICACI\u00d3N<\/h4>\n<p>Si una vez realizada una solicitud de informaci\u00f3n accesible o queja, \u00e9sta hubiera sido desestimada, no se estuviera de acuerdo con la decisi\u00f3n adoptada, o la respuesta no cumpliera los requisitos contemplados en el art\u00edculo 12.5, la persona interesada podr\u00e1 iniciar una reclamaci\u00f3n. Igualmente se podr\u00e1 iniciar una reclamaci\u00f3n en el caso de que haya transcurrido el plazo de veinte d\u00edas h\u00e1biles sin haber obtenido respuesta.<\/p>\n<p>La reclamaci\u00f3n puede ser presentada trav\u00e9s de la Instancia Gen\u00e9rica de la Sede electr\u00f3nica del Ministerio de Asuntos Econ\u00f3micos y Transformaci\u00f3n Digital , as\u00ed como en el resto de opciones recogidas en la Ley 39\/ 2015, de 1 de octubre, del Procedimiento Administrativo Com\u00fan de las Administraciones P\u00fablicas. \u00a0Las reclamaciones ser\u00e1n recibidas y tratadas por la Subdirecci\u00f3n General de Inspecci\u00f3n de Servicios del Ministerio.<\/p>\n<h4>CONTENIDO OPCIONAL<\/h4>\n<p>Este portal esta dise\u00f1ado para poder cambiar el tama\u00f1o del texto y el color, as\u00ed\u00a0como el fondo de la pagina mediante las opciones de configuraci\u00f3n est\u00e1ndar de los navegadores.<br \/>Si desea cambiar el tama\u00f1o de letra del texto en los principales navegadores gr\u00e1ficos utilice los siguientes men\u00fas:<br \/>\u2022 Internet Explorer, Mozilla y Firefox: Ver &gt; Tama\u00f1o del texto<br \/>\u2022 Opera: Ver &gt; Zoom<br \/>\u2022 Safari: Ver &gt; Hacer el texto mas grande<br \/>\u2022 Chrome: Controla la pagina actual &gt; Tama\u00f1o del texto<br \/>\u2022 Para modificar el tama\u00f1o de todo en la pagina:<br \/>\u2022 Ctrl + + para aumentarlo<br \/>\u2022 Ctrl + \u2013 para disminuirlo<br \/>\u2022 Ctrl + 0 restaura el tama\u00f1o original del texto<br \/>\u2022 Si lo que quiere es anular la hoja de estilos o modificar el color del texto, puede consultar la pagina\u00a0How to Change Text Size or Colors\u00a0de la WAI, que se puede leer traducida al espa\u00f1ol en \u00bfC\u00f3mo cambiar el tama\u00f1o del texto o colores?<\/p>\n<\/div>\n<\/div>\n<p>[\/et_pb_text][\/et_pb_column][\/et_pb_row][\/et_pb_section]<\/p>\n","protected":false},"excerpt":{"rendered":"<p>ACCESIBILIDAD Simbas&#8217;s Heart Travel se compromete con la accesibilidad de este sitio web, de conformidad con el\u00a0Real Decreto 1112\/2018, de 7 de septiembre, sobre accesibilidad de los sitios web y aplicaciones para dispositivos m\u00f3viles del sector p\u00fablico. SITUACI\u00d3N DE CUMPLIMIENTO Este sitio web es parcialmente conforme con el\u00a0RD 1112\/2018\u00a0debido a las excepciones y a la [&hellip;]<\/p>\n","protected":false},"author":3,"featured_media":0,"parent":0,"menu_order":0,"comment_status":"closed","ping_status":"closed","template":"","meta":{"_et_pb_use_builder":"on","_et_pb_old_content":"","_et_gb_content_width":"","footnotes":""},"class_list":["post-11850","page","type-page","status-publish","hentry"],"_links":{"self":[{"href":"https:\/\/simbashearttravel.com\/en\/wp-json\/wp\/v2\/pages\/11850","targetHints":{"allow":["GET"]}}],"collection":[{"href":"https:\/\/simbashearttravel.com\/en\/wp-json\/wp\/v2\/pages"}],"about":[{"href":"https:\/\/simbashearttravel.com\/en\/wp-json\/wp\/v2\/types\/page"}],"author":[{"embeddable":true,"href":"https:\/\/simbashearttravel.com\/en\/wp-json\/wp\/v2\/users\/3"}],"replies":[{"embeddable":true,"href":"https:\/\/simbashearttravel.com\/en\/wp-json\/wp\/v2\/comments?post=11850"}],"version-history":[{"count":2,"href":"https:\/\/simbashearttravel.com\/en\/wp-json\/wp\/v2\/pages\/11850\/revisions"}],"predecessor-version":[{"id":11853,"href":"https:\/\/simbashearttravel.com\/en\/wp-json\/wp\/v2\/pages\/11850\/revisions\/11853"}],"wp:attachment":[{"href":"https:\/\/simbashearttravel.com\/en\/wp-json\/wp\/v2\/media?parent=11850"}],"curies":[{"name":"wp","href":"https:\/\/api.w.org\/{rel}","templated":true}]}}