{"id":8951,"date":"2025-11-10T22:48:04","date_gmt":"2025-11-10T22:48:04","guid":{"rendered":"https:\/\/simbashearttravel.com\/?page_id=8951"},"modified":"2025-12-15T18:46:54","modified_gmt":"2025-12-15T18:46:54","slug":"contacto","status":"publish","type":"page","link":"https:\/\/simbashearttravel.com\/en\/contacto","title":{"rendered":"Contacto"},"content":{"rendered":"<p>[et_pb_section fb_built=\u00bb1&#8243; _builder_version=\u00bb4.27.4&#8243; _module_preset=\u00bbdefault\u00bb background_color=\u00bb#000000&#8243; custom_margin=\u00bb||0px||false|false\u00bb custom_padding=\u00bb3px||0px||false|false\u00bb global_colors_info=\u00bb{}\u00bb][et_pb_row column_structure=\u00bb1_2,1_2&#8243; use_custom_gutter=\u00bbon\u00bb gutter_width=\u00bb1&#8243; _builder_version=\u00bb4.27.4&#8243; _module_preset=\u00bbdefault\u00bb background_color=\u00bb#d6d6d6&#8243; width=\u00bb100%\u00bb max_width=\u00bb98%\u00bb border_radii=\u00bbon|10px|10px|10px|10px\u00bb global_colors_info=\u00bb{}\u00bb][et_pb_column type=\u00bb1_2&#8243; _builder_version=\u00bb4.27.4&#8243; _module_preset=\u00bbdefault\u00bb global_colors_info=\u00bb{}\u00bb][et_pb_text _builder_version=\u00bb4.27.4&#8243; _module_preset=\u00bbdefault\u00bb text_font=\u00bb|800|||||||\u00bb text_text_color=\u00bb#000000&#8243; header_font=\u00bb|800|||||||\u00bb header_2_font=\u00bbunicode-futurabb|800|||||||\u00bb header_2_text_color=\u00bb#e85102&#8243; header_2_font_size=\u00bb80px\u00bb background_color=\u00bb#d6d6d6&#8243; custom_margin=\u00bb||0px||false|false\u00bb custom_margin_tablet=\u00bb1.5%||||false|false\u00bb custom_margin_phone=\u00bb1.5%||||false|false\u00bb custom_margin_last_edited=\u00bbon|phone\u00bb custom_padding=\u00bb5%||3%|5%|false|false\u00bb custom_padding_tablet=\u00bb5%||3%|5%|false|false\u00bb custom_padding_phone=\u00bb5%||3%|5%|false|false\u00bb custom_padding_last_edited=\u00bbon|tablet\u00bb header_font_size_tablet=\u00bb\u00bb header_font_size_phone=\u00bb\u00bb header_font_size_last_edited=\u00bbon|desktop\u00bb header_2_font_size_tablet=\u00bb70px\u00bb header_2_font_size_phone=\u00bb45px\u00bb header_2_font_size_last_edited=\u00bbon|phone\u00bb border_radii=\u00bboff|10px|||\u00bb global_colors_info=\u00bb{}\u00bb]<\/p>\n<h2>VIAJEMOS<\/h2>\n<p>[\/et_pb_text][et_pb_text _builder_version=\u00bb4.27.4&#8243; _module_preset=\u00bbdefault\u00bb text_font=\u00bbgeneralsans-light||||||||\u00bb text_text_color=\u00bb#000000&#8243; background_color=\u00bb#d6d6d6&#8243; custom_margin=\u00bb0px||0px||false|false\u00bb custom_padding=\u00bb|5%|3%|5%|false|true\u00bb global_colors_info=\u00bb{}\u00bb]<\/p>\n<p>\u00bfListo para vivir una experiencia transformadora?<\/p>\n<p>Escr\u00edbenos y el equipo de Simba&#8217;s Heart te ayudar\u00e1 a planear tu viaje con prop\u00f3sito.<\/p>\n<p>[\/et_pb_text][et_pb_contact_form email=\u00bbinfo@simbashearttravel.com\u00bb custom_message=\u00bbCONTACTO:||et_pb_line_break_holder||&#8212;&#8212;&#8212;&#8212;&#8212;&#8211;||et_pb_line_break_holder||Nuevo mensaje de nombre: %%name%% %%apellidos%%||et_pb_line_break_holder||Mi Correo: %%email%%||et_pb_line_break_holder||Mensaje: %%mensaje%%||et_pb_line_break_holder||Comunicaciones comerciales: %%info_comercial%%||et_pb_line_break_holder||||et_pb_line_break_holder||Enviado desde la web||et_pb_line_break_holder||\u00bb _builder_version=\u00bb4.27.5&#8243; _module_preset=\u00bbdefault\u00bb _unique_id=\u00bbe7dc516e-c52f-4c37-8dfb-8faae9a0ad5f\u00bb form_field_font=\u00bbgeneralsans-light||||||||\u00bb form_field_text_align=\u00bbleft\u00bb background_color=\u00bb#d6d6d6&#8243; custom_button=\u00bbon\u00bb button_text_size=\u00bb18px\u00bb button_text_color=\u00bb#FFFFFF\u00bb button_bg_color=\u00bb#e85102&#8243; button_border_width=\u00bb0px\u00bb button_border_radius=\u00bb25px\u00bb button_icon=\u00bb&#xe03e;||divi||400&#8243; button_custom_margin=\u00bb||||false|false\u00bb button_custom_padding=\u00bb2.5%|60px|2.5%|60px|true|true\u00bb custom_margin=\u00bb||0px||false|false\u00bb custom_padding=\u00bb|5%|7px|5%|false|true\u00bb hover_enabled=\u00bb0&#8243; form_field_text_align_last_edited=\u00bboff|desktop\u00bb border_radii=\u00bbon|25px|25px|25px|25px\u00bb global_colors_info=\u00bb{}\u00bb sticky_enabled=\u00bb0&#8243;][et_pb_contact_field field_id=\u00bbname\u00bb field_title=\u00bbNombre\u00bb _builder_version=\u00bb4.27.4&#8243; global_colors_info=\u00bb{}\u00bb button_text_size__hover_enabled=\u00bboff\u00bb button_one_text_size__hover_enabled=\u00bboff\u00bb button_two_text_size__hover_enabled=\u00bboff\u00bb button_text_color__hover_enabled=\u00bboff\u00bb button_one_text_color__hover_enabled=\u00bboff\u00bb button_two_text_color__hover_enabled=\u00bboff\u00bb button_border_width__hover_enabled=\u00bboff\u00bb button_one_border_width__hover_enabled=\u00bboff\u00bb button_two_border_width__hover_enabled=\u00bboff\u00bb button_border_color__hover_enabled=\u00bboff\u00bb button_one_border_color__hover_enabled=\u00bboff\u00bb button_two_border_color__hover_enabled=\u00bboff\u00bb button_border_radius__hover_enabled=\u00bboff\u00bb button_one_border_radius__hover_enabled=\u00bboff\u00bb button_two_border_radius__hover_enabled=\u00bboff\u00bb button_letter_spacing__hover_enabled=\u00bboff\u00bb button_one_letter_spacing__hover_enabled=\u00bboff\u00bb button_two_letter_spacing__hover_enabled=\u00bboff\u00bb button_bg_color__hover_enabled=\u00bboff\u00bb button_one_bg_color__hover_enabled=\u00bboff\u00bb button_two_bg_color__hover_enabled=\u00bboff\u00bb][\/et_pb_contact_field][et_pb_contact_field field_id=\u00bbapellidos\u00bb field_title=\u00bbApellidos\u00bb _builder_version=\u00bb4.27.4&#8243; global_colors_info=\u00bb{}\u00bb button_text_size__hover_enabled=\u00bboff\u00bb button_one_text_size__hover_enabled=\u00bboff\u00bb button_two_text_size__hover_enabled=\u00bboff\u00bb button_text_color__hover_enabled=\u00bboff\u00bb button_one_text_color__hover_enabled=\u00bboff\u00bb button_two_text_color__hover_enabled=\u00bboff\u00bb button_border_width__hover_enabled=\u00bboff\u00bb button_one_border_width__hover_enabled=\u00bboff\u00bb button_two_border_width__hover_enabled=\u00bboff\u00bb button_border_color__hover_enabled=\u00bboff\u00bb button_one_border_color__hover_enabled=\u00bboff\u00bb button_two_border_color__hover_enabled=\u00bboff\u00bb button_border_radius__hover_enabled=\u00bboff\u00bb button_one_border_radius__hover_enabled=\u00bboff\u00bb button_two_border_radius__hover_enabled=\u00bboff\u00bb button_letter_spacing__hover_enabled=\u00bboff\u00bb button_one_letter_spacing__hover_enabled=\u00bboff\u00bb button_two_letter_spacing__hover_enabled=\u00bboff\u00bb button_bg_color__hover_enabled=\u00bboff\u00bb button_one_bg_color__hover_enabled=\u00bboff\u00bb button_two_bg_color__hover_enabled=\u00bboff\u00bb][\/et_pb_contact_field][et_pb_contact_field field_id=\u00bbemail\u00bb field_title=\u00bbDirecci\u00f3n de correo electr\u00f3nico\u00bb field_type=\u00bbemail\u00bb _builder_version=\u00bb4.27.4&#8243; global_colors_info=\u00bb{}\u00bb button_text_size__hover_enabled=\u00bboff\u00bb button_one_text_size__hover_enabled=\u00bboff\u00bb button_two_text_size__hover_enabled=\u00bboff\u00bb button_text_color__hover_enabled=\u00bboff\u00bb button_one_text_color__hover_enabled=\u00bboff\u00bb button_two_text_color__hover_enabled=\u00bboff\u00bb button_border_width__hover_enabled=\u00bboff\u00bb button_one_border_width__hover_enabled=\u00bboff\u00bb button_two_border_width__hover_enabled=\u00bboff\u00bb button_border_color__hover_enabled=\u00bboff\u00bb button_one_border_color__hover_enabled=\u00bboff\u00bb button_two_border_color__hover_enabled=\u00bboff\u00bb button_border_radius__hover_enabled=\u00bboff\u00bb button_one_border_radius__hover_enabled=\u00bboff\u00bb button_two_border_radius__hover_enabled=\u00bboff\u00bb button_letter_spacing__hover_enabled=\u00bboff\u00bb button_one_letter_spacing__hover_enabled=\u00bboff\u00bb button_two_letter_spacing__hover_enabled=\u00bboff\u00bb button_bg_color__hover_enabled=\u00bboff\u00bb button_one_bg_color__hover_enabled=\u00bboff\u00bb button_two_bg_color__hover_enabled=\u00bboff\u00bb][\/et_pb_contact_field][et_pb_contact_field field_id=\u00bbTelefono\u00bb field_title=\u00bbTel\u00e9fono\u00bb min_length=\u00bb9&#8243; max_length=\u00bb12&#8243; required_mark=\u00bboff\u00bb _builder_version=\u00bb4.27.4&#8243; _module_preset=\u00bbdefault\u00bb global_colors_info=\u00bb{}\u00bb][\/et_pb_contact_field][et_pb_contact_field field_id=\u00bbmensaje\u00bb field_title=\u00bbTu mensaje\u00bb field_type=\u00bbtext\u00bb fullwidth_field=\u00bbon\u00bb _builder_version=\u00bb4.27.4&#8243; _module_preset=\u00bbdefault\u00bb global_colors_info=\u00bb{}\u00bb][\/et_pb_contact_field][et_pb_contact_field field_id=\u00bbinfo_comercial\u00bb field_title=\u00bbComunicaciones comerciales\u00bb field_type=\u00bbradio\u00bb radio_options=\u00bb%91{%22value%22:%22Quiero recibir informaci\u00f3n comercial%22,%22checked%22:0,%22dragID%22:-1}%93&#8243; required_mark=\u00bboff\u00bb fullwidth_field=\u00bbon\u00bb _builder_version=\u00bb4.27.4&#8243; _module_preset=\u00bbdefault\u00bb global_colors_info=\u00bb{}\u00bb][\/et_pb_contact_field][\/et_pb_contact_form][\/et_pb_column][et_pb_column type=\u00bb1_2&#8243; _builder_version=\u00bb4.27.4&#8243; _module_preset=\u00bbdefault\u00bb global_colors_info=\u00bb{}\u00bb][et_pb_text _builder_version=\u00bb4.27.4&#8243; _module_preset=\u00bbdefault\u00bb text_text_color=\u00bb#000000&#8243; link_text_color=\u00bb#303030&#8243; link_font_size=\u00bb30px\u00bb header_3_text_color=\u00bb#000000&#8243; header_3_font_size=\u00bb35px\u00bb background_color=\u00bb#d6d6d6&#8243; custom_margin=\u00bb0px||0px||false|false\u00bb custom_padding=\u00bb4%||4%|5%|true|false\u00bb link_font_size_tablet=\u00bb27px\u00bb link_font_size_phone=\u00bb22px\u00bb link_font_size_last_edited=\u00bbon|phone\u00bb header_3_font_size_tablet=\u00bb30px\u00bb header_3_font_size_phone=\u00bb22px\u00bb header_3_font_size_last_edited=\u00bbon|phone\u00bb border_radii=\u00bboff||10px||\u00bb global_colors_info=\u00bb{}\u00bb]Tel\u00e9fono<br \/>\n<a href=\"https:\/\/wa.me\/34676514429\">+34 676 51 44 29<\/a><\/p>\n<p>Correo<br \/>\n<a href=\"mailto:info@simbashearttravel.com\">info@simbashearttravel.com<\/a><\/p>\n<h3><\/h3>\n<p>[\/et_pb_text][et_pb_image src=\u00bbhttps:\/\/simbashearttravel.com\/wp-content\/uploads\/2025\/11\/Contactar.jpg\u00bb title_text=\u00bbContactar\u00bb _builder_version=\u00bb4.27.4&#8243; _module_preset=\u00bbdefault\u00bb background_color=\u00bb#d6d6d6&#8243; background_enable_image=\u00bboff\u00bb width=\u00bb100%\u00bb max_width=\u00bb98%\u00bb border_radii=\u00bbon|10px|10px|10px|10px\u00bb global_colors_info=\u00bb{}\u00bb][\/et_pb_image][\/et_pb_column][\/et_pb_row][\/et_pb_section]<\/p>\n","protected":false},"excerpt":{"rendered":"<p>VIAJEMOS\u00bfListo para vivir una experiencia transformadora? Escr\u00edbenos y el equipo de Simba&#8217;s Heart te ayudar\u00e1 a planear tu viaje con prop\u00f3sito.Tel\u00e9fono +34 676 51 44 29 Correo info@simbashearttravel.com<\/p>","protected":false},"author":1,"featured_media":0,"parent":0,"menu_order":0,"comment_status":"closed","ping_status":"closed","template":"","meta":{"_et_pb_use_builder":"on","_et_pb_old_content":"","_et_gb_content_width":"","footnotes":""},"class_list":["post-8951","page","type-page","status-publish","hentry"],"_links":{"self":[{"href":"https:\/\/simbashearttravel.com\/en\/wp-json\/wp\/v2\/pages\/8951","targetHints":{"allow":["GET"]}}],"collection":[{"href":"https:\/\/simbashearttravel.com\/en\/wp-json\/wp\/v2\/pages"}],"about":[{"href":"https:\/\/simbashearttravel.com\/en\/wp-json\/wp\/v2\/types\/page"}],"author":[{"embeddable":true,"href":"https:\/\/simbashearttravel.com\/en\/wp-json\/wp\/v2\/users\/1"}],"replies":[{"embeddable":true,"href":"https:\/\/simbashearttravel.com\/en\/wp-json\/wp\/v2\/comments?post=8951"}],"version-history":[{"count":17,"href":"https:\/\/simbashearttravel.com\/en\/wp-json\/wp\/v2\/pages\/8951\/revisions"}],"predecessor-version":[{"id":11257,"href":"https:\/\/simbashearttravel.com\/en\/wp-json\/wp\/v2\/pages\/8951\/revisions\/11257"}],"wp:attachment":[{"href":"https:\/\/simbashearttravel.com\/en\/wp-json\/wp\/v2\/media?parent=8951"}],"curies":[{"name":"wp","href":"https:\/\/api.w.org\/{rel}","templated":true}]}}