{"id":9497,"date":"2025-11-15T11:21:08","date_gmt":"2025-11-15T11:21:08","guid":{"rendered":"https:\/\/simbashearttravel.com\/?page_id=9497"},"modified":"2025-11-26T23:03:55","modified_gmt":"2025-11-26T23:03:55","slug":"pagos-y-cancelaciones","status":"publish","type":"page","link":"https:\/\/simbashearttravel.com\/en\/pagos-y-cancelaciones","title":{"rendered":"Payments and cancellations"},"content":{"rendered":"<p>[et_pb_section fb_built=\u00bb1&#8243; _builder_version=\u00bb4.27.4&#8243; _module_preset=\u00bbdefault\u00bb global_colors_info=\u00bb{}\u00bb][et_pb_row _builder_version=\u00bb4.27.4&#8243; _module_preset=\u00bbdefault\u00bb global_colors_info=\u00bb{}\u00bb][et_pb_column type=\u00bb4_4&#8243; _builder_version=\u00bb4.27.4&#8243; _module_preset=\u00bbdefault\u00bb global_colors_info=\u00bb{}\u00bb][et_pb_text _builder_version=\u00bb4.27.4&#8243; _module_preset=\u00bbdefault\u00bb header_font=\u00bbunicode-futurabb||||||||\u00bb global_colors_info=\u00bb{}\u00bb]<\/p>\n<h1>PAGOS Y CANCELACIONES<\/h1>\n<p>&nbsp;<\/p>\n<p>1. Condiciones de pago<\/p>\n<p>&#8211; En el momento de formalizar la reserva, EL CLIENTE entregar\u00e1 el 45% del precio total del viaje en concepto de se\u00f1al y garant\u00eda de la misma.<\/p>\n<p>&#8211; El resto del importe deber\u00e1 abonarse en un m\u00e1ximo de dos pagos adicionales:<\/p>\n<p style=\"padding-left: 40px;\">\u2022 El segundo pago, del 30%, se realizar\u00e1 hasta 120 d\u00edas naturales despu\u00e9s del primer pago.<\/p>\n<p style=\"padding-left: 40px;\">\u2022 El 25% restante deber\u00e1 estar abonado al menos 70 d\u00edas naturales antes de la fecha de salida del viaje.<\/p>\n<p>&#8211; La falta de pago en los plazos establecidos facultar\u00e1 a LA AGENCIA para resolver el contrato, aplicando en su caso las condiciones de cancelaci\u00f3n contenidas en el presente documento.<\/p>\n<p>&#8211; Los billetes de avi\u00f3n, una vez emitidos, est\u00e1n sujetos a las condiciones de la aerol\u00ednea y no son reembolsables por parte de la agencia.<\/p>\n<p>&#8211; Para reservas con una menor antelaci\u00f3n se aplicar\u00e1n unas condiciones de pago diferentes:<\/p>\n<p style=\"padding-left: 40px;\">\u2022 Reservas entre noventa (90) y ciento veinte (120) d\u00edas naturales antes de la salida: Se exige el ochenta por ciento (80%) de la cantidad a abonar. El \u00faltimo pago ser\u00e1 treinta (30) d\u00edas naturales antes de la salida.<\/p>\n<p style=\"padding-left: 40px;\">\u2022 Reservas con menos de noventa (90) d\u00edas naturales antes de la salida: Se<br \/>exige el cien por ciento (100%) del importe en el momento de la reserva.<\/p>\n<p>2. Condiciones de cancelaci\u00f3n y devoluciones.<\/p>\n<p>En el caso de que el cliente cancele el viaje, se aplicar\u00e1n los siguientes criterios de devoluci\u00f3n sobre las cantidades efectivamente abonadas:<\/p>\n<p>&#8211; Cancelaciones comunicadas con m\u00e1s de noventa (90) d\u00edas naturales de antelaci\u00f3n a la fecha de salida: devoluci\u00f3n del 100% de las cantidades abonadas.<\/p>\n<p>&#8211; Cancelaciones comunicadas entre ochenta y nueve (89) y sesenta y tres (63) d\u00edas naturales previas a la fecha de salida: devoluci\u00f3n del 50% de las cantidades abonadas.<\/p>\n<p>&#8211; Cancelaciones comunicadas con menos de sesenta y dos (62) d\u00edas naturales de antelaci\u00f3n a la fecha de salida: no proceder\u00e1 ninguna devoluci\u00f3n. Dentro de sus posibilidades, LA AGENCIA intentar\u00e1 cambiar la fecha del viaje, sin que ello le genere obligaci\u00f3n de obtener resultados. En caso de lograrlo, el cliente deber\u00e1 asumir cualquier sobrecoste asociado.<\/p>\n<p>&#8211; Para los viajes reservados entre noventa (90) y sesenta y tres (63) d\u00edas naturales antes de la fecha de salida, se devolver\u00e1 el 50% de las cantidades abonadas si la cancelaci\u00f3n se realiza al menos 63 d\u00edas naturales antes de la salida. Para los viajes reservados con menos de sesenta y dos (62) d\u00edas naturales antes de la fecha de salida, no proceder\u00e1 devoluci\u00f3n alguna.<\/p>\n<p>3. Condiciones espec\u00edficas de proveedores aplicadas a \u201cExperiencias, Voluntariados y Expediciones\u201d.<\/p>\n<p>&#8211; El cliente declara conocer y aceptar que determinados servicios contratados \u2014como vuelos, alojamientos, transportes, actividades, excursiones, seguros, visados u otros\u2014 pueden estar sujetos a condiciones de cancelaci\u00f3n y reembolso propias de cada proveedor, las cuales pueden diferir de las condiciones generales aqu\u00ed establecidas.<\/p>\n<p>&#8211; En estos casos, se aplicar\u00e1n prioritariamente las condiciones fijadas por los proveedores correspondientes, sin que LA AGENCIA pueda asumir responsabilidad sobre las mismas.<\/p>\n<p>&#8211; Se recomienda al cliente consultar expresamente con LA AGENCIA las condiciones espec\u00edficas aplicables a su viaje antes de formalizar la reserva. LA AGENCIA se compromete a facilitar al cliente toda la informaci\u00f3n necesaria.<\/p>\n<p>&#8211; Los reembolsos a EL CLIENTE se efectuar\u00e1n en un plazo m\u00e1ximo de 60 d\u00edas naturales a partir de la confirmaci\u00f3n del reembolso por parte de los proveedores.<\/p>\n<p>&#8211; En el caso de que LA AGENCIA, por motivos de fuerza mayor \u2014como cierre de fronteras, desastres naturales, guerra, huelga a\u00e9rea global, entre otros\u2014 decida no realizar el viaje, ofrecer\u00e1 al cliente el reembolso total del dinero, un viaje alternativo equivalente o superior, un cambio de fechas o un bono. No se aplicar\u00e1n compensaciones adicionales de ning\u00fan tipo; es decir, LA AGENCIA solo se responsabiliza de cubrir los servicios acordados previamente.<\/p>\n<p>&#8211; En el caso de que EL CLIENTE, por cualquier motivo, decida no realizar el viaje a pesar de que este sea posible de llevar a cabo \u2014por ejemplo, debido a tensi\u00f3n pol\u00edtica, enfermedad u otros motivos que no supongan restricciones oficiales\u2014, no se considerar\u00e1 fuerza mayor. En esta situaci\u00f3n, cualquier reclamaci\u00f3n deber\u00e1 gestionarse a trav\u00e9s del seguro contratado, y se aplicar\u00e1 la pol\u00edtica de cancelaci\u00f3n correspondiente al tipo de viaje reservado.<\/p>\n<p>[\/et_pb_text][\/et_pb_column][\/et_pb_row][\/et_pb_section]<\/p>\n","protected":false},"excerpt":{"rendered":"<p>PAGOS Y CANCELACIONES &nbsp; 1. Condiciones de pago &#8211; En el momento de formalizar la reserva, EL CLIENTE entregar\u00e1 el 45% del precio total del viaje en concepto de se\u00f1al y garant\u00eda de la misma. &#8211; El resto del importe deber\u00e1 abonarse en un m\u00e1ximo de dos pagos adicionales: \u2022 El segundo pago, del 30%, [&hellip;]<\/p>\n","protected":false},"author":1,"featured_media":0,"parent":0,"menu_order":0,"comment_status":"closed","ping_status":"closed","template":"","meta":{"_et_pb_use_builder":"on","_et_pb_old_content":"","_et_gb_content_width":"","footnotes":""},"class_list":["post-9497","page","type-page","status-publish","hentry"],"_links":{"self":[{"href":"https:\/\/simbashearttravel.com\/en\/wp-json\/wp\/v2\/pages\/9497","targetHints":{"allow":["GET"]}}],"collection":[{"href":"https:\/\/simbashearttravel.com\/en\/wp-json\/wp\/v2\/pages"}],"about":[{"href":"https:\/\/simbashearttravel.com\/en\/wp-json\/wp\/v2\/types\/page"}],"author":[{"embeddable":true,"href":"https:\/\/simbashearttravel.com\/en\/wp-json\/wp\/v2\/users\/1"}],"replies":[{"embeddable":true,"href":"https:\/\/simbashearttravel.com\/en\/wp-json\/wp\/v2\/comments?post=9497"}],"version-history":[{"count":9,"href":"https:\/\/simbashearttravel.com\/en\/wp-json\/wp\/v2\/pages\/9497\/revisions"}],"predecessor-version":[{"id":10836,"href":"https:\/\/simbashearttravel.com\/en\/wp-json\/wp\/v2\/pages\/9497\/revisions\/10836"}],"wp:attachment":[{"href":"https:\/\/simbashearttravel.com\/en\/wp-json\/wp\/v2\/media?parent=9497"}],"curies":[{"name":"wp","href":"https:\/\/api.w.org\/{rel}","templated":true}]}}